{"id":3,"date":"2023-04-03T15:10:07","date_gmt":"2023-04-03T15:10:07","guid":{"rendered":"https:\/\/irofixauto.com\/?page_id=3"},"modified":"2023-04-29T15:10:26","modified_gmt":"2023-04-29T15:10:26","slug":"privacy-policy","status":"publish","type":"page","link":"https:\/\/irofixauto.com\/fr\/privacy-policy\/","title":{"rendered":"Privacy Policy"},"content":{"rendered":"<div data-elementor-type=\"wp-page\" data-elementor-id=\"3\" class=\"elementor elementor-3\">\n\t\t\t\t\t\t\t\t\t<section class=\"elementor-section elementor-top-section elementor-element elementor-element-22a6e874 elementor-section-boxed elementor-section-height-default elementor-section-height-default\" data-id=\"22a6e874\" data-element_type=\"section\">\n\t\t\t\t\t\t<div class=\"elementor-container elementor-column-gap-default\">\n\t\t\t\t\t<div class=\"elementor-column elementor-col-100 elementor-top-column elementor-element elementor-element-6d9276f4\" data-id=\"6d9276f4\" data-element_type=\"column\">\n\t\t\t<div class=\"elementor-widget-wrap elementor-element-populated\">\n\t\t\t\t\t\t\t\t<div class=\"elementor-element elementor-element-2692aa0 elementor-widget elementor-widget-html\" data-id=\"2692aa0\" data-element_type=\"widget\" data-widget_type=\"html.default\">\n\t\t\t\t<div class=\"elementor-widget-container\">\n\t\t\t<h1 class=\"privacy-policy-h1 translation-block\">Privacy Policy\r\n<br><span>Last Updated On 29-Apr-2023<\/span>\r\n<br><span>Effective Date 29-Apr-2023<\/span><\/h1>\n\n<p class=\"privacy-policy-p\">\n    Cette politique de confidentialit\u00e9 d\u00e9crit les politiques de\n\n     IROFIX Automotive S\u00e0rl.,\n     c. de la Gare, 56, Martigny,\n     Valais\n     1920,\n     Suisse,\n     courriel : info@irofixauto.com,\n     t\u00e9l\u00e9phone : +393206989575\n\n     sur la collecte,\n     l'utilisation et la divulgation de vos informations que nous collectons\n     lorsque vous utilisez notre site Web ( https:\/\/irofixauto.com ).\n     (le service\"). En acc\u00e9dant ou en utilisant\n     le\n     Service, vous consentez \u00e0 la collecte, \u00e0 l'utilisation et\n     divulgation de vos informations conform\u00e9ment \u00e0 la pr\u00e9sente\n     Politique de confidentialit\u00e9. Si vous n'y consentez pas,\n     veuillez ne pas acc\u00e9der ou utiliser le Service.\n<\/p>\n\n<p class=\"privacy-policy-p\">\n    Nous pouvons modifier cette politique de confidentialit\u00e9 \u00e0 tout moment sans\n     tout avis pr\u00e9alable et publiera la version r\u00e9vis\u00e9e\n     Politique de confidentialit\u00e9 sur le Service. La Politique r\u00e9vis\u00e9e\n     \u00eatre efficace 180 jours \u00e0 compter de la\n     la Politique r\u00e9vis\u00e9e est publi\u00e9e dans le Service et votre\n     l'acc\u00e8s continu ou l'utilisation du Service apr\u00e8s cette p\u00e9riode\n     constituera votre acceptation de la politique de confidentialit\u00e9 r\u00e9vis\u00e9e\n     Politique. Nous vous recommandons donc de proc\u00e9der p\u00e9riodiquement\n     revoir cette page.\n<\/p>\n\n<ol class=\"privacy-policy-ol\">\n    \n    \n\n        <li>\n        <h2 class=\"privacy-policy-h2\">\n            Comment nous utilisons vos informations\u00a0:\n        <\/h2>\n        <p class=\"privacy-policy-p\">\n            Nous utiliserons les informations que nous collectons\n             vous concernant aux fins suivantes\u00a0:\n        <\/p>\n        <ol class=\"privacy-policy-ol\">\n\n            \n            \n            \n            \n            \n            \n                        <li>Support<\/li>\n            \n            \n            \n            \n            \n            \n            \n            \n        <\/ol>\n        <p class=\"privacy-policy-p\">\n            Si nous souhaitons utiliser vos informations \u00e0 d'autres fins\n             fin, nous vous demanderons votre consentement et vous\n             utiliser vos informations uniquement \u00e0 la r\u00e9ception de votre\n             consentement et ensuite, uniquement aux fins de\n             qui accordent le consentement \u00e0 moins que nous ne soyons tenus de le faire\n             autrement par la loi.\n        <\/p>\n    <\/li>\n    \n    \n\n    \n    <li>\n        <h2 class=\"privacy-policy-h2\">\n            Tes droits:\n        <\/h2>\n        <p class=\"privacy-policy-p\">\n            Selon la loi qui s'applique, vous pourriez avoir\n             un droit d'acc\u00e8s et de rectification ou d'effacement de vos\n             donn\u00e9es personnelles ou recevoir une copie de vos donn\u00e9es personnelles\n             donn\u00e9es, restreindre ou s'opposer \u00e0 l'actif\n             traitement de vos donn\u00e9es, demandez-nous de partager (port)\n             vos informations personnelles \u00e0 une autre entit\u00e9,\n             retirer tout consentement que vous nous avez fourni pour\n             traiter vos donn\u00e9es, un droit d'introduire une r\u00e9clamation\n             avec une autorit\u00e9 statutaire et de tels autres droits\n             comme cela peut \u00eatre pertinent en vertu des lois applicables. Pour\n             exercer ces droits, vous pouvez nous \u00e9crire \u00e0\n             info@irofixauto.com.\n             Nous r\u00e9pondrons \u00e0 votre\n             demande conform\u00e9ment \u00e0 la loi applicable.\n        <\/p>\n\n        \n        <p class=\"privacy-policy-p\">\n            Notez que si vous ne nous autorisez pas \u00e0 collecter\n             ou traiter les informations personnelles requises ou\n             retirer le consentement \u00e0 traiter le m\u00eame pour le\n             fins requises, vous ne pourrez peut-\u00eatre pas acc\u00e9der\n             ou utiliser les services pour lesquels vos informations\n             \u00e9tait recherch\u00e9.\n        <\/p>\n    <\/li>\n        <li>\n        <h2 class=\"privacy-policy-h2\">\n            Cookies Etc.\n        <\/h2>\n        <p class=\"privacy-policy-p\">\n\n            \n            To learn more about how we use these\n            and your choices in relation to these tracking\n            technologies, please refer to our\n            <a href=\"https:\/\/irofixauto.com\/fr\/cookies-policy\/\">Cookie Policy.<\/a>\n        <\/p>\n    <\/li>\n    \n    <li>\n        <h2 class=\"privacy-policy-h2\">\n            S\u00e9curit\u00e9\n        <\/h2>\n        <p class=\"privacy-policy-p\">\n            La s\u00e9curit\u00e9 de vos informations est importante pour\n             nous et nous utiliserons des mesures de s\u00e9curit\u00e9 raisonnables\n             pour emp\u00eacher la perte, l'utilisation abusive ou non autoris\u00e9e\n             modification de vos informations dans le cadre de notre\n             contr\u00f4le. Cependant, \u00e9tant donn\u00e9 les risques inh\u00e9rents, nous\n             ne peut garantir une s\u00e9curit\u00e9 absolue et\n             par cons\u00e9quent, nous ne pouvons assurer ou garantir la\n             la s\u00e9curit\u00e9 de toute information que vous nous transmettez\n             et vous le faites \u00e0 vos risques et p\u00e9rils.\n        <\/p>\n    <\/li>\n\n    \n    <li>\n        <h2 class=\"privacy-policy-h2\">\n            Grief \/ D\u00e9l\u00e9gu\u00e9 \u00e0 la protection des donn\u00e9es :\n        <\/h2>\n        <p class=\"privacy-policy-p\">\n            Si vous avez des questions ou des pr\u00e9occupations concernant le\n             traitement de vos informations disponibles\n             avec nous, vous pouvez envoyer un courriel \u00e0 notre agent des griefs \u00e0\n             IROFIX Automotive S\u00e0rl.,\n             c. de la Gare, 56, Martigny,\n             courriel : info@irofixauto.com.\n             Nous r\u00e9pondrons \u00e0 vos pr\u00e9occupations conform\u00e9ment \u00e0 la loi applicable.\n        <\/p>\n    <\/li>\n<\/ol>\n<p class=\"privacy-policy-p\">\n    Privacy Policy generated with  <a target=\"_blank\" href=\"https:\/\/www.cookieyes.com\/?utm_source=PP&utm_medium=footer&utm_campaign=UW\">CookieYes<\/a>.\n<\/p>\t\t<\/div>\n\t\t\t\t<\/div>\n\t\t\t\t\t<\/div>\n\t\t<\/div>\n\t\t\t\t\t\t\t<\/div>\n\t\t<\/section>\n\t\t\t\t\t\t\t<\/div>","protected":false},"excerpt":{"rendered":"<p>Privacy Policy Last Updated On 29-Apr-2023 Effective Date 29-Apr-2023 This Privacy Policy describes the policies of IROFIX Automotive S\u00e0rl., v. de la Gare, 56, Martigny, Valais 1920, Switzerland, email: info@irofixauto.com, phone: +393206989575 on the collection, use and disclosure of your information that we collect when you use our website ( https:\/\/irofixauto.com ). (the \u201cService\u201d). By [&hellip;]<\/p>","protected":false},"author":1,"featured_media":0,"parent":0,"menu_order":0,"comment_status":"closed","ping_status":"open","template":"","meta":{"footnotes":""},"class_list":["post-3","page","type-page","status-publish","hentry"],"_links":{"self":[{"href":"https:\/\/irofixauto.com\/fr\/wp-json\/wp\/v2\/pages\/3","targetHints":{"allow":["GET"]}}],"collection":[{"href":"https:\/\/irofixauto.com\/fr\/wp-json\/wp\/v2\/pages"}],"about":[{"href":"https:\/\/irofixauto.com\/fr\/wp-json\/wp\/v2\/types\/page"}],"author":[{"embeddable":true,"href":"https:\/\/irofixauto.com\/fr\/wp-json\/wp\/v2\/users\/1"}],"replies":[{"embeddable":true,"href":"https:\/\/irofixauto.com\/fr\/wp-json\/wp\/v2\/comments?post=3"}],"version-history":[{"count":4,"href":"https:\/\/irofixauto.com\/fr\/wp-json\/wp\/v2\/pages\/3\/revisions"}],"predecessor-version":[{"id":306,"href":"https:\/\/irofixauto.com\/fr\/wp-json\/wp\/v2\/pages\/3\/revisions\/306"}],"wp:attachment":[{"href":"https:\/\/irofixauto.com\/fr\/wp-json\/wp\/v2\/media?parent=3"}],"curies":[{"name":"wp","href":"https:\/\/api.w.org\/{rel}","templated":true}]}}